{"id":13,"date":"2024-04-21T10:50:55","date_gmt":"2024-04-21T10:50:55","guid":{"rendered":"https:\/\/tga-modul.de\/?page_id=13"},"modified":"2024-04-21T14:41:54","modified_gmt":"2024-04-21T14:41:54","slug":"kontakt","status":"publish","type":"page","link":"https:\/\/tga-modul.de\/startseite\/kontakt\/","title":{"rendered":"Kontakt"},"content":{"rendered":"\n<p>TGA Modul GmbH, Frankfurter Ring 222, 80807 M\u00fcnchen<\/p>\n\n\n\n<p>info (at) tga-modul.de<\/p>\n\n\n\n<p>Schreiben Sie uns ein Mail und wir melden uns w\u00e4hrend der Gesch\u00e4ftszeiten umgehen. Vielen Dank.<\/p>\n","protected":false},"excerpt":{"rendered":"<p>TGA Modul GmbH, Frankfurter Ring 222, 80807 M\u00fcnchen info (at) tga-modul.de Schreiben Sie uns ein Mail und wir melden uns w\u00e4hrend der Gesch\u00e4ftszeiten umgehen. Vielen Dank.<\/p>\n","protected":false},"author":1,"featured_media":0,"parent":0,"menu_order":0,"comment_status":"closed","ping_status":"closed","template":"","meta":{"footnotes":""},"class_list":["post-13","page","type-page","status-publish","hentry"],"yoast_head":"<!-- This site is optimized with the Yoast SEO plugin v27.3 - https:\/\/yoast.com\/product\/yoast-seo-wordpress\/ -->\n<title>Kontakt - TGA MODUL<\/title>\n<meta name=\"robots\" content=\"index, follow, max-snippet:-1, max-image-preview:large, max-video-preview:-1\" \/>\n<link rel=\"canonical\" href=\"https:\/\/tga-modul.de\/startseite\/kontakt\/\" \/>\n<meta property=\"og:locale\" content=\"de_DE\" \/>\n<meta property=\"og:type\" content=\"article\" \/>\n<meta property=\"og:title\" content=\"Kontakt - TGA MODUL\" \/>\n<meta property=\"og:description\" content=\"TGA Modul GmbH, Frankfurter Ring 222, 80807 M\u00fcnchen info (at) tga-modul.de Schreiben Sie uns ein Mail und wir melden uns w\u00e4hrend der Gesch\u00e4ftszeiten umgehen. Vielen Dank.\" \/>\n<meta property=\"og:url\" content=\"https:\/\/tga-modul.de\/startseite\/kontakt\/\" \/>\n<meta property=\"og:site_name\" content=\"TGA MODUL\" \/>\n<meta property=\"article:modified_time\" content=\"2024-04-21T14:41:54+00:00\" \/>\n<meta name=\"twitter:card\" content=\"summary_large_image\" \/>\n<meta name=\"twitter:label1\" content=\"Gesch\u00e4tzte Lesezeit\" \/>\n\t<meta name=\"twitter:data1\" content=\"1\u00a0Minute\" \/>\n<script type=\"application\/ld+json\" class=\"yoast-schema-graph\">{\"@context\":\"https:\\\/\\\/schema.org\",\"@graph\":[{\"@type\":\"WebPage\",\"@id\":\"https:\\\/\\\/tga-modul.de\\\/startseite\\\/kontakt\\\/\",\"url\":\"https:\\\/\\\/tga-modul.de\\\/startseite\\\/kontakt\\\/\",\"name\":\"Kontakt - TGA MODUL\",\"isPartOf\":{\"@id\":\"https:\\\/\\\/tga-modul.de\\\/startseite\\\/#website\"},\"datePublished\":\"2024-04-21T10:50:55+00:00\",\"dateModified\":\"2024-04-21T14:41:54+00:00\",\"breadcrumb\":{\"@id\":\"https:\\\/\\\/tga-modul.de\\\/startseite\\\/kontakt\\\/#breadcrumb\"},\"inLanguage\":\"de\",\"potentialAction\":[{\"@type\":\"ReadAction\",\"target\":[\"https:\\\/\\\/tga-modul.de\\\/startseite\\\/kontakt\\\/\"]}]},{\"@type\":\"BreadcrumbList\",\"@id\":\"https:\\\/\\\/tga-modul.de\\\/startseite\\\/kontakt\\\/#breadcrumb\",\"itemListElement\":[{\"@type\":\"ListItem\",\"position\":1,\"name\":\"Home\",\"item\":\"https:\\\/\\\/tga-modul.de\\\/startseite\\\/\"},{\"@type\":\"ListItem\",\"position\":2,\"name\":\"Kontakt\"}]},{\"@type\":\"WebSite\",\"@id\":\"https:\\\/\\\/tga-modul.de\\\/startseite\\\/#website\",\"url\":\"https:\\\/\\\/tga-modul.de\\\/startseite\\\/\",\"name\":\"TGA MODUL\",\"description\":\"VORPLANUNG | VORFERTIGUNG | MONTAGE\",\"publisher\":{\"@id\":\"https:\\\/\\\/tga-modul.de\\\/startseite\\\/#organization\"},\"potentialAction\":[{\"@type\":\"SearchAction\",\"target\":{\"@type\":\"EntryPoint\",\"urlTemplate\":\"https:\\\/\\\/tga-modul.de\\\/startseite\\\/?s={search_term_string}\"},\"query-input\":{\"@type\":\"PropertyValueSpecification\",\"valueRequired\":true,\"valueName\":\"search_term_string\"}}],\"inLanguage\":\"de\"},{\"@type\":\"Organization\",\"@id\":\"https:\\\/\\\/tga-modul.de\\\/startseite\\\/#organization\",\"name\":\"TGA MODUL\",\"url\":\"https:\\\/\\\/tga-modul.de\\\/startseite\\\/\",\"logo\":{\"@type\":\"ImageObject\",\"inLanguage\":\"de\",\"@id\":\"https:\\\/\\\/tga-modul.de\\\/startseite\\\/#\\\/schema\\\/logo\\\/image\\\/\",\"url\":\"https:\\\/\\\/tga-modul.de\\\/wp-content\\\/uploads\\\/2024\\\/04\\\/TGA-LOGO.jpg\",\"contentUrl\":\"https:\\\/\\\/tga-modul.de\\\/wp-content\\\/uploads\\\/2024\\\/04\\\/TGA-LOGO.jpg\",\"width\":1563,\"height\":1563,\"caption\":\"TGA MODUL\"},\"image\":{\"@id\":\"https:\\\/\\\/tga-modul.de\\\/startseite\\\/#\\\/schema\\\/logo\\\/image\\\/\"}}]}<\/script>\n<!-- \/ Yoast SEO plugin. -->","yoast_head_json":{"title":"Kontakt - TGA MODUL","robots":{"index":"index","follow":"follow","max-snippet":"max-snippet:-1","max-image-preview":"max-image-preview:large","max-video-preview":"max-video-preview:-1"},"canonical":"https:\/\/tga-modul.de\/startseite\/kontakt\/","og_locale":"de_DE","og_type":"article","og_title":"Kontakt - TGA MODUL","og_description":"TGA Modul GmbH, Frankfurter Ring 222, 80807 M\u00fcnchen info (at) tga-modul.de Schreiben Sie uns ein Mail und wir melden uns w\u00e4hrend der Gesch\u00e4ftszeiten umgehen. Vielen Dank.","og_url":"https:\/\/tga-modul.de\/startseite\/kontakt\/","og_site_name":"TGA MODUL","article_modified_time":"2024-04-21T14:41:54+00:00","twitter_card":"summary_large_image","twitter_misc":{"Gesch\u00e4tzte Lesezeit":"1\u00a0Minute"},"schema":{"@context":"https:\/\/schema.org","@graph":[{"@type":"WebPage","@id":"https:\/\/tga-modul.de\/startseite\/kontakt\/","url":"https:\/\/tga-modul.de\/startseite\/kontakt\/","name":"Kontakt - TGA MODUL","isPartOf":{"@id":"https:\/\/tga-modul.de\/startseite\/#website"},"datePublished":"2024-04-21T10:50:55+00:00","dateModified":"2024-04-21T14:41:54+00:00","breadcrumb":{"@id":"https:\/\/tga-modul.de\/startseite\/kontakt\/#breadcrumb"},"inLanguage":"de","potentialAction":[{"@type":"ReadAction","target":["https:\/\/tga-modul.de\/startseite\/kontakt\/"]}]},{"@type":"BreadcrumbList","@id":"https:\/\/tga-modul.de\/startseite\/kontakt\/#breadcrumb","itemListElement":[{"@type":"ListItem","position":1,"name":"Home","item":"https:\/\/tga-modul.de\/startseite\/"},{"@type":"ListItem","position":2,"name":"Kontakt"}]},{"@type":"WebSite","@id":"https:\/\/tga-modul.de\/startseite\/#website","url":"https:\/\/tga-modul.de\/startseite\/","name":"TGA MODUL","description":"VORPLANUNG | VORFERTIGUNG | MONTAGE","publisher":{"@id":"https:\/\/tga-modul.de\/startseite\/#organization"},"potentialAction":[{"@type":"SearchAction","target":{"@type":"EntryPoint","urlTemplate":"https:\/\/tga-modul.de\/startseite\/?s={search_term_string}"},"query-input":{"@type":"PropertyValueSpecification","valueRequired":true,"valueName":"search_term_string"}}],"inLanguage":"de"},{"@type":"Organization","@id":"https:\/\/tga-modul.de\/startseite\/#organization","name":"TGA MODUL","url":"https:\/\/tga-modul.de\/startseite\/","logo":{"@type":"ImageObject","inLanguage":"de","@id":"https:\/\/tga-modul.de\/startseite\/#\/schema\/logo\/image\/","url":"https:\/\/tga-modul.de\/wp-content\/uploads\/2024\/04\/TGA-LOGO.jpg","contentUrl":"https:\/\/tga-modul.de\/wp-content\/uploads\/2024\/04\/TGA-LOGO.jpg","width":1563,"height":1563,"caption":"TGA MODUL"},"image":{"@id":"https:\/\/tga-modul.de\/startseite\/#\/schema\/logo\/image\/"}}]}},"_links":{"self":[{"href":"https:\/\/tga-modul.de\/startseite\/wp-json\/wp\/v2\/pages\/13","targetHints":{"allow":["GET"]}}],"collection":[{"href":"https:\/\/tga-modul.de\/startseite\/wp-json\/wp\/v2\/pages"}],"about":[{"href":"https:\/\/tga-modul.de\/startseite\/wp-json\/wp\/v2\/types\/page"}],"author":[{"embeddable":true,"href":"https:\/\/tga-modul.de\/startseite\/wp-json\/wp\/v2\/users\/1"}],"replies":[{"embeddable":true,"href":"https:\/\/tga-modul.de\/startseite\/wp-json\/wp\/v2\/comments?post=13"}],"version-history":[{"count":3,"href":"https:\/\/tga-modul.de\/startseite\/wp-json\/wp\/v2\/pages\/13\/revisions"}],"predecessor-version":[{"id":79,"href":"https:\/\/tga-modul.de\/startseite\/wp-json\/wp\/v2\/pages\/13\/revisions\/79"}],"wp:attachment":[{"href":"https:\/\/tga-modul.de\/startseite\/wp-json\/wp\/v2\/media?parent=13"}],"curies":[{"name":"wp","href":"https:\/\/api.w.org\/{rel}","templated":true}]}}